{"id":3099,"date":"2023-06-12T19:12:09","date_gmt":"2023-06-12T19:12:09","guid":{"rendered":"https:\/\/polana-gorska.com\/potwierdzenie-rezerwacji\/transakcja-nie-powiodla-sie\/"},"modified":"2023-06-12T19:12:09","modified_gmt":"2023-06-12T19:12:09","slug":"transakcja-nie-powiodla-sie","status":"publish","type":"page","link":"https:\/\/polana-gorska.com\/pl\/potwierdzenie-rezerwacji\/transakcja-nie-powiodla-sie\/","title":{"rendered":"Transakcja nie powiod\u0142a si\u0119"},"content":{"rendered":"<p>Niestety w tym momencie transakcja nie mo\u017ce zosta\u0107 sfinalizowana. Spr\u00f3buj ponownie lub skontaktuj si\u0119 z nami.<\/p>\n","protected":false},"excerpt":{"rendered":"<p>Niestety w tym momencie transakcja nie mo\u017ce zosta\u0107 sfinalizowana. Spr\u00f3buj ponownie lub skontaktuj si\u0119 z nami.<\/p>\n","protected":false},"author":1,"featured_media":0,"parent":3088,"menu_order":0,"comment_status":"closed","ping_status":"closed","template":"","meta":{"footnotes":""},"class_list":["post-3099","page","type-page","status-publish","hentry"],"_links":{"self":[{"href":"https:\/\/polana-gorska.com\/pl\/wp-json\/wp\/v2\/pages\/3099","targetHints":{"allow":["GET"]}}],"collection":[{"href":"https:\/\/polana-gorska.com\/pl\/wp-json\/wp\/v2\/pages"}],"about":[{"href":"https:\/\/polana-gorska.com\/pl\/wp-json\/wp\/v2\/types\/page"}],"author":[{"embeddable":true,"href":"https:\/\/polana-gorska.com\/pl\/wp-json\/wp\/v2\/users\/1"}],"replies":[{"embeddable":true,"href":"https:\/\/polana-gorska.com\/pl\/wp-json\/wp\/v2\/comments?post=3099"}],"version-history":[{"count":0,"href":"https:\/\/polana-gorska.com\/pl\/wp-json\/wp\/v2\/pages\/3099\/revisions"}],"up":[{"embeddable":true,"href":"https:\/\/polana-gorska.com\/pl\/wp-json\/wp\/v2\/pages\/3088"}],"wp:attachment":[{"href":"https:\/\/polana-gorska.com\/pl\/wp-json\/wp\/v2\/media?parent=3099"}],"curies":[{"name":"wp","href":"https:\/\/api.w.org\/{rel}","templated":true}]}}