{"id":3217,"date":"2018-06-19T08:57:21","date_gmt":"2018-06-19T08:57:21","guid":{"rendered":"https:\/\/polana-gorska.com\/o-nas\/"},"modified":"2024-09-16T20:39:51","modified_gmt":"2024-09-16T20:39:51","slug":"o-nas","status":"publish","type":"page","link":"https:\/\/polana-gorska.com\/pl\/o-nas\/","title":{"rendered":"O nas"},"content":{"rendered":"\t\t<div data-elementor-type=\"wp-post\" data-elementor-id=\"3217\" class=\"elementor elementor-3217 elementor-278\">\n\t\t\t\t\t\t<section class=\"elementor-section elementor-top-section elementor-element elementor-element-5a8bab24 elementor-section-stretched elementor-section-height-min-height elementor-section-boxed elementor-section-height-default elementor-section-items-middle\" data-id=\"5a8bab24\" data-element_type=\"section\" data-settings=\"{&quot;stretch_section&quot;:&quot;section-stretched&quot;,&quot;background_background&quot;:&quot;classic&quot;,&quot;hoteller_ext_is_background_parallax&quot;:&quot;false&quot;,&quot;hoteller_ext_is_background_on_scroll&quot;:&quot;false&quot;}\">\n\t\t\t\t\t\t\t<div class=\"elementor-background-overlay\"><\/div>\n\t\t\t\t\t\t\t<div class=\"elementor-container elementor-column-gap-default\">\n\t\t\t\t\t<div class=\"elementor-column elementor-col-100 elementor-top-column elementor-element elementor-element-746d1ce5\" data-id=\"746d1ce5\" data-element_type=\"column\" data-settings=\"{&quot;hoteller_ext_link_sidemenu&quot;:&quot;false&quot;,&quot;hoteller_ext_link_fullmenu&quot;:&quot;false&quot;,&quot;hoteller_ext_link_closed_fullmenu&quot;:&quot;false&quot;,&quot;hoteller_ext_is_scrollme&quot;:&quot;false&quot;,&quot;hoteller_ext_is_smoove&quot;:&quot;false&quot;,&quot;hoteller_ext_is_parallax_mouse&quot;:&quot;false&quot;,&quot;hoteller_ext_is_infinite&quot;:&quot;false&quot;,&quot;hoteller_ext_is_fadeout_animation&quot;:&quot;false&quot;,&quot;hoteller_ext_mobile_static&quot;:&quot;false&quot;}\">\n\t\t\t<div class=\"elementor-widget-wrap elementor-element-populated\">\n\t\t\t\t\t\t<div class=\"elementor-element elementor-element-5ed925ac elementor-invisible elementor-widget elementor-widget-heading\" data-id=\"5ed925ac\" data-element_type=\"widget\" data-settings=\"{&quot;_animation&quot;:&quot;fadeIn&quot;,&quot;hoteller_ext_link_sidemenu&quot;:&quot;false&quot;,&quot;hoteller_ext_link_fullmenu&quot;:&quot;false&quot;,&quot;hoteller_ext_link_closed_fullmenu&quot;:&quot;false&quot;,&quot;hoteller_ext_is_scrollme&quot;:&quot;false&quot;,&quot;hoteller_ext_is_smoove&quot;:&quot;false&quot;,&quot;hoteller_ext_is_parallax_mouse&quot;:&quot;false&quot;,&quot;hoteller_ext_is_infinite&quot;:&quot;false&quot;,&quot;hoteller_ext_is_fadeout_animation&quot;:&quot;false&quot;,&quot;hoteller_ext_mobile_static&quot;:&quot;false&quot;}\" data-widget_type=\"heading.default\">\n\t\t\t\t<div class=\"elementor-widget-container\">\n\t\t\t\t\t<h1 class=\"elementor-heading-title elementor-size-default\">O nas<\/h1>\t\t\t\t<\/div>\n\t\t\t\t<\/div>\n\t\t\t\t<div class=\"elementor-element elementor-element-37889d44 elementor-invisible elementor-widget elementor-widget-heading\" data-id=\"37889d44\" data-element_type=\"widget\" data-settings=\"{&quot;_animation&quot;:&quot;fadeIn&quot;,&quot;_animation_delay&quot;:100,&quot;hoteller_ext_link_sidemenu&quot;:&quot;false&quot;,&quot;hoteller_ext_link_fullmenu&quot;:&quot;false&quot;,&quot;hoteller_ext_link_closed_fullmenu&quot;:&quot;false&quot;,&quot;hoteller_ext_is_scrollme&quot;:&quot;false&quot;,&quot;hoteller_ext_is_smoove&quot;:&quot;false&quot;,&quot;hoteller_ext_is_parallax_mouse&quot;:&quot;false&quot;,&quot;hoteller_ext_is_infinite&quot;:&quot;false&quot;,&quot;hoteller_ext_is_fadeout_animation&quot;:&quot;false&quot;,&quot;hoteller_ext_mobile_static&quot;:&quot;false&quot;}\" data-widget_type=\"heading.default\">\n\t\t\t\t<div class=\"elementor-widget-container\">\n\t\t\t\t\t<div class=\"elementor-heading-title elementor-size-default\">Od 2022 r.<\/div>\t\t\t\t<\/div>\n\t\t\t\t<\/div>\n\t\t\t\t\t<\/div>\n\t\t<\/div>\n\t\t\t\t\t<\/div>\n\t\t<\/section>\n\t\t\t\t<section class=\"elementor-section elementor-top-section elementor-element elementor-element-b57513f elementor-section-boxed elementor-section-height-default elementor-section-height-default\" data-id=\"b57513f\" data-element_type=\"section\" data-settings=\"{&quot;hoteller_ext_is_background_parallax&quot;:&quot;false&quot;,&quot;hoteller_ext_is_background_on_scroll&quot;:&quot;false&quot;}\">\n\t\t\t\t\t\t<div class=\"elementor-container elementor-column-gap-default\">\n\t\t\t\t\t<div class=\"elementor-column elementor-col-100 elementor-top-column elementor-element elementor-element-3680da6\" data-id=\"3680da6\" data-element_type=\"column\" data-settings=\"{&quot;hoteller_ext_link_sidemenu&quot;:&quot;false&quot;,&quot;hoteller_ext_link_fullmenu&quot;:&quot;false&quot;,&quot;hoteller_ext_link_closed_fullmenu&quot;:&quot;false&quot;,&quot;hoteller_ext_is_scrollme&quot;:&quot;false&quot;,&quot;hoteller_ext_is_smoove&quot;:&quot;false&quot;,&quot;hoteller_ext_is_parallax_mouse&quot;:&quot;false&quot;,&quot;hoteller_ext_is_infinite&quot;:&quot;false&quot;,&quot;hoteller_ext_is_fadeout_animation&quot;:&quot;false&quot;,&quot;hoteller_ext_mobile_static&quot;:&quot;false&quot;}\">\n\t\t\t<div class=\"elementor-widget-wrap elementor-element-populated\">\n\t\t\t\t\t\t<div class=\"elementor-element elementor-element-e71bcf0 elementor-invisible elementor-widget elementor-widget-text-editor\" data-id=\"e71bcf0\" data-element_type=\"widget\" data-settings=\"{&quot;_animation&quot;:&quot;fadeIn&quot;,&quot;hoteller_ext_link_sidemenu&quot;:&quot;false&quot;,&quot;hoteller_ext_link_fullmenu&quot;:&quot;false&quot;,&quot;hoteller_ext_link_closed_fullmenu&quot;:&quot;false&quot;,&quot;hoteller_ext_is_scrollme&quot;:&quot;false&quot;,&quot;hoteller_ext_is_smoove&quot;:&quot;false&quot;,&quot;hoteller_ext_is_parallax_mouse&quot;:&quot;false&quot;,&quot;hoteller_ext_is_infinite&quot;:&quot;false&quot;,&quot;hoteller_ext_is_fadeout_animation&quot;:&quot;false&quot;,&quot;hoteller_ext_mobile_static&quot;:&quot;false&quot;}\" data-widget_type=\"text-editor.default\">\n\t\t\t\t<div class=\"elementor-widget-container\">\n\t\t\t\t\t\t\t\t\t<p><strong>Polana G\u00f3rska<\/strong> to czaruj\u0105ce miejsce w Polsce, gdzie naturalne pi\u0119kno spotyka si\u0119 z go\u015bcinno\u015bci\u0105.<br \/>\nJa, Nicolas, entuzjastyczny trzydziestolatek, wraz z naszym weso\u0142ym synem Ennisem, tworzymy rodzin\u0119 sk\u0142adaj\u0105c\u0105 si\u0119 z czterech husky &#8211; Boba, Marleya, Dimitriego i Vegasa &#8211; oraz dw\u00f3ch uroczych kot\u00f3w, Noxy i Browie.<br \/>\nRazem tworz\u0105 \u017cywy i przytulny gang w naszym domu.  <\/p>\n<p>Ale jak w\u0142a\u015bciwie trafi\u0142em do Polski?<br \/>\nMia\u0142em to szcz\u0119\u015bcie, \u017ce regularnie pracowa\u0142em z Polakami, a nawet mia\u0142em okazj\u0119 pojecha\u0107 z nimi na wakacje.<br \/>\nPodczas tych podr\u00f3\u017cy by\u0142em ca\u0142kowicie oczarowany pi\u0119knem i urokiem Polski.<br \/>\nKilka lat p\u00f3\u017aniej nasze drogi si\u0119 skrzy\u017cowa\u0142y, a ja postanowi\u0142am pozna\u0107 Polsk\u0119 bli\u017cej.   <\/p>\n<p>Od momentu, gdy postawi\u0142em stop\u0119 na polskiej ziemi, zakocha\u0142em si\u0119 w tym kraju, cieple ludzi, pozytywnej mentalno\u015bci i dziewiczej przyrodzie.<br \/>\nTa mi\u0142o\u015b\u0107 do Polski przerodzi\u0142a si\u0119 w konkretny pomys\u0142 i ostatecznie marzenie: znalaz\u0142em urokliwy dom, kt\u00f3ry wo\u0142a\u0142 o remont, i tak narodzi\u0142 si\u0119 pomys\u0142 przekszta\u0142cenia go w mieszkania wakacyjne. <\/p>\n<p>Teraz jestem zaj\u0119ty realizacj\u0105 tego marzenia, przekszta\u0142caj\u0105c m\u00f3j dom w oaz\u0119 spokoju i komfortu.<br \/>\nRemontuj\u0105c m\u00f3j dom, mam nadziej\u0119 stworzy\u0107 nie tylko ciep\u0142\u0105 baz\u0119 domow\u0105, ale tak\u017ce wyj\u0105tkowe miejsce, w kt\u00f3rym inni b\u0119d\u0105 mogli cieszy\u0107 si\u0119 pi\u0119knym otoczeniem Polski. <\/p>\n<p>Niezale\u017cnie od tego, czy jeste\u015b mi\u0142o\u015bnikiem przyrody, interesujesz si\u0119 kultur\u0105 Polski, czy po prostu szukasz relaksuj\u0105cego miejsca na wakacje, chcia\u0142bym zaprosi\u0107 Ci\u0119 do podzielenia si\u0119 moj\u0105 pasj\u0105 do tego czaruj\u0105cego kraju.<br \/>\nDo zobaczenia wkr\u00f3tce na <strong>Polanie G\u00f3rskiej<\/strong>! <\/p>\n\t\t\t\t\t\t\t\t<\/div>\n\t\t\t\t<\/div>\n\t\t\t\t\t<\/div>\n\t\t<\/div>\n\t\t\t\t\t<\/div>\n\t\t<\/section>\n\t\t\t\t<section class=\"elementor-section elementor-top-section elementor-element elementor-element-b91d064 elementor-section-stretched elementor-section-full_width elementor-section-height-default elementor-section-height-default\" data-id=\"b91d064\" data-element_type=\"section\" data-settings=\"{&quot;stretch_section&quot;:&quot;section-stretched&quot;,&quot;hoteller_ext_is_background_parallax&quot;:&quot;false&quot;,&quot;hoteller_ext_is_background_on_scroll&quot;:&quot;false&quot;}\">\n\t\t\t\t\t\t<div class=\"elementor-container elementor-column-gap-default\">\n\t\t\t\t\t<div class=\"elementor-column elementor-col-100 elementor-top-column elementor-element elementor-element-65c9645\" data-id=\"65c9645\" data-element_type=\"column\" data-settings=\"{&quot;hoteller_ext_link_sidemenu&quot;:&quot;false&quot;,&quot;hoteller_ext_link_fullmenu&quot;:&quot;false&quot;,&quot;hoteller_ext_link_closed_fullmenu&quot;:&quot;false&quot;,&quot;hoteller_ext_is_scrollme&quot;:&quot;false&quot;,&quot;hoteller_ext_is_smoove&quot;:&quot;false&quot;,&quot;hoteller_ext_is_parallax_mouse&quot;:&quot;false&quot;,&quot;hoteller_ext_is_infinite&quot;:&quot;false&quot;,&quot;hoteller_ext_is_fadeout_animation&quot;:&quot;false&quot;,&quot;hoteller_ext_mobile_static&quot;:&quot;false&quot;}\">\n\t\t\t<div class=\"elementor-widget-wrap elementor-element-populated\">\n\t\t\t\t\t\t<div class=\"elementor-element elementor-element-0f40bd8 elementor-widget elementor-widget-hoteller-slider-property-clip\" data-id=\"0f40bd8\" data-element_type=\"widget\" data-settings=\"{&quot;hoteller_ext_link_sidemenu&quot;:&quot;false&quot;,&quot;hoteller_ext_link_fullmenu&quot;:&quot;false&quot;,&quot;hoteller_ext_link_closed_fullmenu&quot;:&quot;false&quot;,&quot;hoteller_ext_is_scrollme&quot;:&quot;false&quot;,&quot;hoteller_ext_is_smoove&quot;:&quot;false&quot;,&quot;hoteller_ext_is_parallax_mouse&quot;:&quot;false&quot;,&quot;hoteller_ext_is_infinite&quot;:&quot;false&quot;,&quot;hoteller_ext_is_fadeout_animation&quot;:&quot;false&quot;,&quot;hoteller_ext_mobile_static&quot;:&quot;false&quot;}\" data-widget_type=\"hoteller-slider-property-clip.default\">\n\t\t\t\t<div class=\"elementor-widget-container\">\n\t\t\t\t\t<section class=\"tg_slider_property_clip_wrapper intro\">\n\t<div class=\"content right\">\n        <div>\n\t        \t\t    \t    \t<h1>Combineer vakantie en training<\/h1>\n\t    \t\t\t    <p>Achter ons bieden we trainingsmogelijkheden op diverse routes (2, 4, 7 km, en meer) met enkele lichte hoogteverschillen, geschikt voor zowel steppers als karren. En als je de voorkeur geeft aan een sleetocht, bevindt een prachtig parcours zich op slechts een half uurtje rijden (beschikbaar in januari\/maart). \ud83e\udd29<\/p><p>Speciaal voor onze viervoetige vrienden hebben we een afgezonderd stuk hondenweide voorbereid, zodat ze zich helemaal kunnen uitleven. En terwijl zij hun energie kwijtspelen, kun jij genieten van wat welverdiende ontspanning. \u263a\ufe0f<\/p><p>Heb je vragen of wil je meer informatie? Aarzel niet om ze te stellen; wij staan klaar om ze met plezier te beantwoorden!<\/p>\t\t<\/div>\n    <\/div>\n    <div class=\"slider left\">\n        <ul>\n\t\t\t<li class=\"tg_horizontal_gallery_cell\" style=\"background-image:url(https:\/\/polana-gorska.com\/wp-content\/uploads\/2024\/04\/409492148_17868858735022901_9134956300130898433_n-880x1024.jpg);\"><\/li>\n\t\t\t<li class=\"tg_horizontal_gallery_cell\" style=\"background-image:url(https:\/\/polana-gorska.com\/wp-content\/uploads\/2024\/04\/384549063_148847321636240_3407798300423155376_n-819x1024.jpg);\"><\/li>\n\t        <\/ul>\n        \n        <ul>\n\t        <nav>\n\t\t\t<a href=\"javascript:;\"><\/a>\n\t\t\t<a href=\"javascript:;\"><\/a>\n\t\t        <\/nav>\n        <\/ul>\n    <\/div>\n<\/section>\n\t\t\t\t<\/div>\n\t\t\t\t<\/div>\n\t\t\t\t\t<\/div>\n\t\t<\/div>\n\t\t\t\t\t<\/div>\n\t\t<\/section>\n\t\t\t\t<section class=\"elementor-section elementor-top-section elementor-element elementor-element-ba139a8 elementor-section-stretched elementor-section-full_width elementor-section-height-default elementor-section-height-default\" data-id=\"ba139a8\" data-element_type=\"section\" data-settings=\"{&quot;stretch_section&quot;:&quot;section-stretched&quot;,&quot;hoteller_ext_is_background_parallax&quot;:&quot;false&quot;,&quot;hoteller_ext_is_background_on_scroll&quot;:&quot;false&quot;}\">\n\t\t\t\t\t\t<div class=\"elementor-container elementor-column-gap-default\">\n\t\t\t\t\t<div class=\"elementor-column elementor-col-100 elementor-top-column elementor-element elementor-element-47f5185\" data-id=\"47f5185\" data-element_type=\"column\" data-settings=\"{&quot;hoteller_ext_link_sidemenu&quot;:&quot;false&quot;,&quot;hoteller_ext_link_fullmenu&quot;:&quot;false&quot;,&quot;hoteller_ext_link_closed_fullmenu&quot;:&quot;false&quot;,&quot;hoteller_ext_is_scrollme&quot;:&quot;false&quot;,&quot;hoteller_ext_is_smoove&quot;:&quot;false&quot;,&quot;hoteller_ext_is_parallax_mouse&quot;:&quot;false&quot;,&quot;hoteller_ext_is_infinite&quot;:&quot;false&quot;,&quot;hoteller_ext_is_fadeout_animation&quot;:&quot;false&quot;,&quot;hoteller_ext_mobile_static&quot;:&quot;false&quot;}\">\n\t\t\t<div class=\"elementor-widget-wrap elementor-element-populated\">\n\t\t\t\t\t\t<div class=\"elementor-element elementor-element-70a9ca4 elementor-widget elementor-widget-hoteller-slider-property-clip\" data-id=\"70a9ca4\" data-element_type=\"widget\" data-settings=\"{&quot;hoteller_ext_link_sidemenu&quot;:&quot;false&quot;,&quot;hoteller_ext_link_fullmenu&quot;:&quot;false&quot;,&quot;hoteller_ext_link_closed_fullmenu&quot;:&quot;false&quot;,&quot;hoteller_ext_is_scrollme&quot;:&quot;false&quot;,&quot;hoteller_ext_is_smoove&quot;:&quot;false&quot;,&quot;hoteller_ext_is_parallax_mouse&quot;:&quot;false&quot;,&quot;hoteller_ext_is_infinite&quot;:&quot;false&quot;,&quot;hoteller_ext_is_fadeout_animation&quot;:&quot;false&quot;,&quot;hoteller_ext_mobile_static&quot;:&quot;false&quot;}\" data-widget_type=\"hoteller-slider-property-clip.default\">\n\t\t\t\t<div class=\"elementor-widget-container\">\n\t\t\t\t\t<section class=\"tg_slider_property_clip_wrapper intro\">\n\t<div class=\"content left\">\n        <div>\n\t        \t\t    \t    \t<h1>Wellness Appartementen in Jelenia Gora en Mirsk<\/h1>\n\t    \t\t\t    <p>Laat de alledaagse stress achter je en omarm ontspanning in onze wellness appartementen in zowel Jelenia Gora als Mirsk. Beide locaties beloven een harmonieuze vakantie-ervaring te midden van betoverende natuur. Een perfect toevluchtsoord voor degenen die op zoek zijn naar ultieme ontspanning.<\/p>\t\t<\/div>\n    <\/div>\n    <div class=\"slider right\">\n        <ul>\n\t\t\t<li class=\"tg_horizontal_gallery_cell\" style=\"background-image:url(https:\/\/polana-gorska.com\/wp-content\/uploads\/2023\/11\/492724315.jpg);\"><\/li>\n\t\t\t<li class=\"tg_horizontal_gallery_cell\" style=\"background-image:url(https:\/\/polana-gorska.com\/wp-content\/uploads\/2023\/11\/488217299-1024x575.jpg);\"><\/li>\n\t\t\t<li class=\"tg_horizontal_gallery_cell\" style=\"background-image:url(https:\/\/polana-gorska.com\/wp-content\/uploads\/2023\/11\/460761081.jpg);\"><\/li>\n\t\t\t<li class=\"tg_horizontal_gallery_cell\" style=\"background-image:url(https:\/\/polana-gorska.com\/wp-content\/uploads\/2023\/11\/460766423.jpg);\"><\/li>\n\t        <\/ul>\n        \n        <ul>\n\t        <nav>\n\t\t\t<a href=\"javascript:;\"><\/a>\n\t\t\t<a href=\"javascript:;\"><\/a>\n\t\t\t<a href=\"javascript:;\"><\/a>\n\t\t\t<a href=\"javascript:;\"><\/a>\n\t\t        <\/nav>\n        <\/ul>\n    <\/div>\n<\/section>\n\t\t\t\t<\/div>\n\t\t\t\t<\/div>\n\t\t\t\t\t<\/div>\n\t\t<\/div>\n\t\t\t\t\t<\/div>\n\t\t<\/section>\n\t\t\t\t<\/div>\n\t\t","protected":false},"excerpt":{"rendered":"<p>O nas Od 2022 r. Polana G\u00f3rska to czaruj\u0105ce miejsce w Polsce, gdzie naturalne pi\u0119kno spotyka si\u0119 z go\u015bcinno\u015bci\u0105. Ja, Nicolas, entuzjastyczny trzydziestolatek, wraz z naszym weso\u0142ym synem Ennisem, tworzymy rodzin\u0119 sk\u0142adaj\u0105c\u0105 si\u0119 z czterech husky &#8211; Boba, Marleya, Dimitriego [&hellip;]<\/p>\n","protected":false},"author":1,"featured_media":0,"parent":0,"menu_order":0,"comment_status":"closed","ping_status":"closed","template":"","meta":{"footnotes":""},"class_list":["post-3217","page","type-page","status-publish","hentry"],"_links":{"self":[{"href":"https:\/\/polana-gorska.com\/pl\/wp-json\/wp\/v2\/pages\/3217","targetHints":{"allow":["GET"]}}],"collection":[{"href":"https:\/\/polana-gorska.com\/pl\/wp-json\/wp\/v2\/pages"}],"about":[{"href":"https:\/\/polana-gorska.com\/pl\/wp-json\/wp\/v2\/types\/page"}],"author":[{"embeddable":true,"href":"https:\/\/polana-gorska.com\/pl\/wp-json\/wp\/v2\/users\/1"}],"replies":[{"embeddable":true,"href":"https:\/\/polana-gorska.com\/pl\/wp-json\/wp\/v2\/comments?post=3217"}],"version-history":[{"count":8,"href":"https:\/\/polana-gorska.com\/pl\/wp-json\/wp\/v2\/pages\/3217\/revisions"}],"predecessor-version":[{"id":3408,"href":"https:\/\/polana-gorska.com\/pl\/wp-json\/wp\/v2\/pages\/3217\/revisions\/3408"}],"wp:attachment":[{"href":"https:\/\/polana-gorska.com\/pl\/wp-json\/wp\/v2\/media?parent=3217"}],"curies":[{"name":"wp","href":"https:\/\/api.w.org\/{rel}","templated":true}]}}